{"id":17622,"date":"2024-01-28T19:35:16","date_gmt":"2024-01-28T19:35:16","guid":{"rendered":"https:\/\/datathon.bzh\/menegou-lezennel\/"},"modified":"2024-02-10T16:04:29","modified_gmt":"2024-02-10T16:04:29","slug":"menegou-lezennel","status":"publish","type":"page","link":"https:\/\/datathon.bzh\/br-fr\/menegou-lezennel\/","title":{"rendered":"Menego\u00f9 lezennel"},"content":{"rendered":"\n[et_pb_section fb_built=&#8221;1&#8243; _builder_version=&#8221;4.24.0&#8243; _module_preset=&#8221;default&#8221; global_colors_info=&#8221;{}&#8221;][et_pb_row _builder_version=&#8221;4.24.0&#8243; _module_preset=&#8221;default&#8221; global_colors_info=&#8221;{}&#8221;][et_pb_column type=&#8221;4_4&#8243; _builder_version=&#8221;4.24.0&#8243; _module_preset=&#8221;default&#8221; global_colors_info=&#8221;{}&#8221;][et_pb_text _builder_version=&#8221;4.24.0&#8243; _module_preset=&#8221;default&#8221; hover_enabled=&#8221;0&#8243; global_colors_info=&#8221;{}&#8221; sticky_enabled=&#8221;0&#8243;]<div class=\"et_pb_section et_pb_section_2 et_section_regular\">\n<div class=\"et_pb_row et_pb_row_4\">\n<div class=\"et_pb_column et_pb_column_4_4 et_pb_column_7 et_pb_css_mix_blend_mode_passthrough et-last-child\">\n<div class=\"et_pb_module et_pb_text et_pb_text_7 et_pb_text_align_center et_pb_bg_layout_light\">\n<div class=\"et_pb_text_inner\">\n<h2 style=\"text-align: left;\"><strong>Menego\u00f9 lezennel<\/strong><\/h2>\n<\/div>\n<\/div>\n<div class=\"et_pb_module et_pb_text et_pb_text_8 et_pb_text_align_left et_pb_bg_layout_light\">\n<div class=\"et_pb_text_inner\">\n<p class=\"widget-title\"><span style=\"font-size: large;\">Ul lec&#8217;hienn <a href=\"https:\/\/datathon.bzh\/br-fr\/\" target=\"_blank\" rel=\"noopener noreferrer\"> datathon.bzh<\/a> embannet gant <a href=\"https:\/\/bretagnenumerique.bzh\/\" target=\"_blank\" rel=\"noopener\">Fonds de dotation Bretagne Num\u00e9rique<\/a>.<br><\/span><\/p>\n<p><span style=\"font-size: large;\"><strong>Embanner :<\/strong><\/span><br><span style=\"font-size: large;\">Fonds de dotation Bretagne Num\u00e9rique<br>Sez sokial : 5 straed Sant-Fra\u00f1sez 29000 KEMPER \u2013 Fra\u00f1s<br>SIRET : 893 066 811 00017<br>Rener an Embann : David LESVENAN<br>02 98 59 93 26<\/span><br><span style=\"font-size: large;\">Postel : <a href=\"https:\/\/datathon.bzh\/br-fr\/darempred\/\">furmskrid darempredi\u00f1<\/a><\/span><\/p>\n<p><span style=\"font-size: large;\"><strong>Gwarezi\u00f1 ar roadenno\u00f9 personel :<\/strong><\/span><\/p>\n<p><span style=\"font-size: large;\">Gouestla\u00f1 a ra ar font debarzha\u00f1 Bretagne Num\u00e9rique gwarezi\u00f1 prevezded an titouro\u00f9 pourchaset enlinenn gant ar gwiader.<\/span><br><span style=\"font-size: large;\">Ar roadenno\u00f9 dastumet gant ar font debarzha\u00f1 Breizh Num\u00e9rique ne vez implijet nemet evit konta\u00f1 ar skoaziadenno\u00f9 d&#8217;ar raktres Breizh Datathon.<\/span><br><span style=\"font-size: large;\">Hervez ho peus dibabet beza\u00f1 kelaouet diwar-benn keleier ar raktres Breizh Datathon e c\u2019hallomp skriva\u00f1 deoc\u2019h e stumm ul lizher-kelaoui\u00f1 ingal.<\/span><br><span style=\"font-size: large;\">Gallout a rit goulenn kemma\u00f1 pe dilemel ar roadenno\u00f9 personel a sell ouzhoc&#8217;h dre skriva\u00f1 deomp dre hor <a href=\"https:\/\/datathon.bzh\/br-fr\/darempred\/\">furmskrid<\/a> darempredi\u00f1 pe dre skriva\u00f1 da sez sokial ar font Bretagne Num\u00e9rique<\/span><br><span style=\"font-size: large;\">Implijout a reomp cookies evit stadego\u00f9 hepken evit gouzout hag-e\u00f1 e vez darempredet al lec&#8217;hienn.<\/span><\/p>\n<p><span style=\"font-size: large;\"><strong>lojeiz :<\/strong><\/span><\/p>\n<p><span style=\"font-size: large;\">Herberc&#8217;hiet eo al lec&#8217;hienn war ar servijerio\u00f9 boutin evit ar Font debarzha\u00f1 Bretagne Num\u00e9rique.<\/span><\/p>\n<p><span style=\"font-size: large;\">Fonds de dotation .BZH &#8211; Bretagne num\u00e9rique<br>5 straed Sant-Fra\u00f1sez 29000 KEMPER \u2013 Fra\u00f1s<br>SIRET : 893 066 811 00017<br>02 98 59 93 26<br>Postel : <a href=\"https:\/\/bretagnenumerique.bzh\/contact\" target=\"_blank\" rel=\"noopener\">furmskrid darempredi\u00f1<\/a><\/span><span style=\"font-size: large;\"><\/span><\/p>\n<\/div>\n<\/div>\n<\/div>\n<\/div>\n<\/div>[\/et_pb_text][\/et_pb_column][\/et_pb_row][\/et_pb_section]\n","protected":false},"excerpt":{"rendered":"<p>Menego\u00f9 lezennel Ul lec&#8217;hienn datathon.bzh embannet gant Fonds de dotation Bretagne Num\u00e9rique. Embanner :Fonds de dotation Bretagne Num\u00e9riqueSez sokial : 5 straed Sant-Fra\u00f1sez 29000 KEMPER \u2013 Fra\u00f1sSIRET : 893 066 811 00017Rener an Embann : David LESVENAN02 98 59 93 26Postel : furmskrid darempredi\u00f1 Gwarezi\u00f1 ar roadenno\u00f9 personel : Gouestla\u00f1 a ra ar font debarzha\u00f1 [&hellip;]<\/p>\n","protected":false},"author":1,"featured_media":0,"parent":0,"menu_order":0,"comment_status":"closed","ping_status":"closed","template":"","meta":{"_et_pb_use_builder":"on","_et_pb_old_content":"","_et_gb_content_width":"","footnotes":""},"class_list":["post-17622","page","type-page","status-publish","hentry"],"_links":{"self":[{"href":"https:\/\/datathon.bzh\/br-fr\/wp-json\/wp\/v2\/pages\/17622","targetHints":{"allow":["GET"]}}],"collection":[{"href":"https:\/\/datathon.bzh\/br-fr\/wp-json\/wp\/v2\/pages"}],"about":[{"href":"https:\/\/datathon.bzh\/br-fr\/wp-json\/wp\/v2\/types\/page"}],"author":[{"embeddable":true,"href":"https:\/\/datathon.bzh\/br-fr\/wp-json\/wp\/v2\/users\/1"}],"replies":[{"embeddable":true,"href":"https:\/\/datathon.bzh\/br-fr\/wp-json\/wp\/v2\/comments?post=17622"}],"version-history":[{"count":3,"href":"https:\/\/datathon.bzh\/br-fr\/wp-json\/wp\/v2\/pages\/17622\/revisions"}],"predecessor-version":[{"id":17625,"href":"https:\/\/datathon.bzh\/br-fr\/wp-json\/wp\/v2\/pages\/17622\/revisions\/17625"}],"wp:attachment":[{"href":"https:\/\/datathon.bzh\/br-fr\/wp-json\/wp\/v2\/media?parent=17622"}],"curies":[{"name":"wp","href":"https:\/\/api.w.org\/{rel}","templated":true}]}}